{"id":145,"date":"2023-12-23T11:45:49","date_gmt":"2023-12-23T10:45:49","guid":{"rendered":"https:\/\/royalsekt.hu\/contact\/"},"modified":"2024-01-26T11:19:23","modified_gmt":"2024-01-26T10:19:23","slug":"contact","status":"publish","type":"page","link":"https:\/\/royalsekt.hu\/en\/contact\/","title":{"rendered":"Contact"},"content":{"rendered":"<div class=\"wpb-content-wrapper\"><p>[vc_row equal_height=&#8221;yes&#8221; el_class=&#8221;contact-container&#8221;][vc_column width=&#8221;1\/2&#8243;][vc_column_text el_class=&#8221;vertical-text&#8221;]Write to us![\/vc_column_text]\n<div class=\"wpcf7 no-js\" id=\"wpcf7-f6-o1\" lang=\"hu-HU\" dir=\"ltr\" data-wpcf7-id=\"6\">\n<div class=\"screen-reader-response\"><p role=\"status\" aria-live=\"polite\" aria-atomic=\"true\"><\/p> <ul><\/ul><\/div>\n<form action=\"\/en\/wp-json\/wp\/v2\/pages\/145#wpcf7-f6-o1\" method=\"post\" class=\"wpcf7-form init\" aria-label=\"Kapcsolatfelv\u00e9teli \u0171rlap\" novalidate=\"novalidate\" data-status=\"init\">\n<fieldset class=\"hidden-fields-container\"><input type=\"hidden\" name=\"_wpcf7\" value=\"6\" \/><input type=\"hidden\" name=\"_wpcf7_version\" value=\"6.1.5\" \/><input type=\"hidden\" name=\"_wpcf7_locale\" value=\"hu_HU\" \/><input type=\"hidden\" name=\"_wpcf7_unit_tag\" value=\"wpcf7-f6-o1\" \/><input type=\"hidden\" name=\"_wpcf7_container_post\" value=\"0\" \/><input type=\"hidden\" name=\"_wpcf7_posted_data_hash\" value=\"\" \/>\n<\/fieldset>\n<p><span class=\"wpcf7-form-control-wrap\" data-name=\"nev\"><input size=\"40\" maxlength=\"400\" class=\"wpcf7-form-control wpcf7-text wpcf7-validates-as-required\" aria-required=\"true\" aria-invalid=\"false\" placeholder=\"N\u00e9v\" value=\"\" type=\"text\" name=\"nev\" \/><\/span><br \/>\n<span class=\"wpcf7-form-control-wrap\" data-name=\"tel\"><input size=\"40\" maxlength=\"400\" class=\"wpcf7-form-control wpcf7-tel wpcf7-validates-as-required wpcf7-text wpcf7-validates-as-tel\" aria-required=\"true\" aria-invalid=\"false\" placeholder=\"Telefonsz\u00e1m\" value=\"\" type=\"tel\" name=\"tel\" \/><\/span><br \/>\n<span class=\"wpcf7-form-control-wrap\" data-name=\"email\"><input size=\"40\" maxlength=\"400\" class=\"wpcf7-form-control wpcf7-email wpcf7-validates-as-required wpcf7-text wpcf7-validates-as-email\" aria-required=\"true\" aria-invalid=\"false\" placeholder=\"Email\" value=\"\" type=\"email\" name=\"email\" \/><\/span><br \/>\n<span class=\"wpcf7-form-control-wrap\" data-name=\"textarea\"><textarea cols=\"40\" rows=\"10\" maxlength=\"2000\" class=\"wpcf7-form-control wpcf7-textarea\" aria-invalid=\"false\" placeholder=\"\u00dczenet\" name=\"textarea\"><\/textarea><\/span><br \/>\n<span class=\"wpcf7-form-control-wrap\" data-name=\"submit\"><span class=\"wpcf7-form-control wpcf7-acceptance\"><span class=\"wpcf7-list-item\"><label><input type=\"checkbox\" name=\"submit\" value=\"1\" aria-invalid=\"false\" \/><span class=\"wpcf7-list-item-label\"><span style=\"text-decoration:underline;\">ADATKEZEL\u00c9SI NYILATKOZAT:<\/span> Hozz\u00e1j\u00e1rulok, hogy Adatkezel\u0151 a fenti adatlapon \u00e1ltalam megadott szem\u00e9lyes adataimat \u00e9s el\u00e9rhet\u0151s\u00e9geimet az \u00fczenetem megv\u00e1laszol\u00e1sa c\u00e9lj\u00e1b\u00f3l kezelje. Kijelentem, hogy az <a href=\"#\" target=\"_blank\">adatkezel\u00e9si t\u00e1j\u00e9koztat\u00f3t<\/a> elolvastam \u00e9s meg\u00e9rtettem.<\/span><\/label><\/span><\/span><\/span>\n<\/p>\n<div class=\"center\">\n\t<p><input class=\"wpcf7-form-control wpcf7-submit has-spinner\" type=\"submit\" value=\"K\u00fcld\u00e9s\" \/>\n\t<\/p>\n<\/div><div class=\"wpcf7-response-output\" aria-hidden=\"true\"><\/div>\n<\/form>\n<\/div>\n[\/vc_column][vc_column width=&#8221;1\/2&#8243;][vc_column_text el_class=&#8221;vertical-text&#8221;]contact[\/vc_column_text][vc_column_text css=&#8221;.vc_custom_1702552998115{margin-bottom: 10px !important;}&#8221;]<\/p>\n<h2>ROYALSEKT ZRT.<\/h2>\n<p>[\/vc_column_text][vc_column_text css=&#8221;.vc_custom_1702552959696{margin-bottom: 30px !important;}&#8221;]<\/p>\n<h3>Hungary, 6070 Izs\u00e1k, Ag\u00e1rdy telep 1.<\/h3>\n<p><strong>tax ID: 14298192-2-03<\/strong>[\/vc_column_text][vc_single_image image=&#8221;41&#8243; img_size=&#8221;full&#8221; el_class=&#8221;map-img&#8221; css=&#8221;.vc_custom_1703328434549{margin-bottom: 30px !important;}&#8221;][vc_column_text]<a style=\"color: #000; text-decoration: navajowhite;\" href=\"mailto:info@royalsekt.hu\"><strong>info@royalsekt.hu<\/strong><\/a>[\/vc_column_text][\/vc_column][\/vc_row]<\/p>\n<\/div>","protected":false},"excerpt":{"rendered":"<p>[vc_row equal_height=&#8221;yes&#8221; el_class=&#8221;contact-container&#8221;][vc_column width=&#8221;1\/2&#8243;][vc_column_text el_class=&#8221;vertical-text&#8221;]Write to us![\/vc_column_text][\/vc_column][vc_column width=&#8221;1\/2&#8243;][vc_column_text el_class=&#8221;vertical-text&#8221;]contact[\/vc_column_text][vc_column_text css=&#8221;.vc_custom_1702552998115{margin-bottom: 10px !important;}&#8221;] ROYALSEKT ZRT. [\/vc_column_text][vc_column_text css=&#8221;.vc_custom_1702552959696{margin-bottom: 30px !important;}&#8221;] Hungary, 6070 Izs\u00e1k, Ag\u00e1rdy telep 1. tax ID: 14298192-2-03[\/vc_column_text][vc_single_image image=&#8221;41&#8243; img_size=&#8221;full&#8221; el_class=&#8221;map-img&#8221; css=&#8221;.vc_custom_1703328434549{margin-bottom: 30px !important;}&#8221;][vc_column_text]info@royalsekt.hu[\/vc_column_text][\/vc_column][\/vc_row]<\/p>\n","protected":false},"author":2,"featured_media":0,"parent":0,"menu_order":0,"comment_status":"closed","ping_status":"closed","template":"template-custom-contact.php","meta":{"_acf_changed":false,"footnotes":""},"class_list":["post-145","page","type-page","status-publish","hentry","description-off"],"acf":[],"_links":{"self":[{"href":"https:\/\/royalsekt.hu\/en\/wp-json\/wp\/v2\/pages\/145","targetHints":{"allow":["GET"]}}],"collection":[{"href":"https:\/\/royalsekt.hu\/en\/wp-json\/wp\/v2\/pages"}],"about":[{"href":"https:\/\/royalsekt.hu\/en\/wp-json\/wp\/v2\/types\/page"}],"author":[{"embeddable":true,"href":"https:\/\/royalsekt.hu\/en\/wp-json\/wp\/v2\/users\/2"}],"replies":[{"embeddable":true,"href":"https:\/\/royalsekt.hu\/en\/wp-json\/wp\/v2\/comments?post=145"}],"version-history":[{"count":7,"href":"https:\/\/royalsekt.hu\/en\/wp-json\/wp\/v2\/pages\/145\/revisions"}],"predecessor-version":[{"id":179,"href":"https:\/\/royalsekt.hu\/en\/wp-json\/wp\/v2\/pages\/145\/revisions\/179"}],"wp:attachment":[{"href":"https:\/\/royalsekt.hu\/en\/wp-json\/wp\/v2\/media?parent=145"}],"curies":[{"name":"wp","href":"https:\/\/api.w.org\/{rel}","templated":true}]}}